{"id":292,"date":"2025-01-20T01:57:39","date_gmt":"2025-01-20T01:57:39","guid":{"rendered":"https:\/\/www.secatee.com\/es\/?page_id=292"},"modified":"2025-02-16T04:25:33","modified_gmt":"2025-02-16T04:25:33","slug":"preguntas-frecuentes","status":"publish","type":"page","link":"https:\/\/secatee.com\/es\/preguntas-frecuentes\/","title":{"rendered":"FAQs"},"content":{"rendered":"<p>[et_pb_section fb_built=&#8221;1&#8243; admin_label=&#8221;Header&#8221; _builder_version=&#8221;4.27.4&#8243; _module_preset=&#8221;default&#8221; background_color=&#8221;#FFFFFF&#8221; custom_padding=&#8221;5px|||||&#8221; locked=&#8221;off&#8221; collapsed=&#8221;on&#8221; global_colors_info=&#8221;{}&#8221;][et_pb_row _builder_version=&#8221;4.25.1&#8243; _module_preset=&#8221;default&#8221; global_colors_info=&#8221;{}&#8221;][et_pb_column type=&#8221;4_4&#8243; _builder_version=&#8221;4.25.1&#8243; _module_preset=&#8221;default&#8221; global_colors_info=&#8221;{}&#8221;][et_pb_heading title=&#8221;Recursos &#038; FAQs&#8221; _builder_version=&#8221;4.27.4&#8243; _module_preset=&#8221;c6c112a7-409c-46ce-b217-c71e2ac2cd50&#8243; title_font=&#8221;Raleway||||||||&#8221; title_font_size=&#8221;60px&#8221; custom_padding=&#8221;20px||||false|false&#8221; border_color_all=&#8221;RGBA(255,255,255,0)&#8221; border_width_top=&#8221;2px&#8221; locked=&#8221;off&#8221; global_colors_info=&#8221;{}&#8221;][\/et_pb_heading][\/et_pb_column][\/et_pb_row][et_pb_row column_structure=&#8221;1_3,1_3,1_3&#8243; custom_padding_last_edited=&#8221;on|tablet&#8221; _builder_version=&#8221;4.27.4&#8243; _module_preset=&#8221;default&#8221; custom_padding_tablet=&#8221;||0px||false|false&#8221; custom_padding_phone=&#8221;||0px||false|false&#8221; locked=&#8221;off&#8221; global_colors_info=&#8221;{}&#8221;][et_pb_column type=&#8221;1_3&#8243; _builder_version=&#8221;4.27.4&#8243; _module_preset=&#8221;default&#8221; custom_padding=&#8221;40px|40px|40px|40px|true|true&#8221; custom_padding_tablet=&#8221;30px|30px|30px|30px|true|true&#8221; custom_padding_phone=&#8221;20px|20px|20px|20px|true|true&#8221; custom_padding_last_edited=&#8221;on|desktop&#8221; border_width_all=&#8221;1px&#8221; border_color_all=&#8221;gcid-bcc99e3b-722a-4dba-85e5-49c6d1592562&#8243; global_colors_info=&#8221;{%22gcid-bcc99e3b-722a-4dba-85e5-49c6d1592562%22:%91%22border_color_all%22%93}&#8221;][et_pb_icon font_icon=&#8221;&#xf553;||fa||900&#8243; _builder_version=&#8221;4.27.4&#8243; _module_preset=&#8221;default&#8221; transform_scale=&#8221;49%|49%&#8221; global_colors_info=&#8221;{}&#8221;][\/et_pb_icon][et_pb_heading title=&#8221;Nuestros Productos&#8221; _builder_version=&#8221;4.27.4&#8243; _module_preset=&#8221;664949b3-85d4-4272-9977-c672b9737650&#8243; title_font=&#8221;Raleway||||||||&#8221; title_font_size=&#8221;20px&#8221; custom_margin=&#8221;||0px||false|false&#8221; hover_enabled=&#8221;0&#8243; global_colors_info=&#8221;{%22gcid-fa3e187d-20a7-4c5a-962d-49a38117a4cc%22:%91%22title_text_color%22%93}&#8221; sticky_enabled=&#8221;0&#8243;][\/et_pb_heading][et_pb_text _builder_version=&#8221;4.27.4&#8243; _module_preset=&#8221;628566f0-adbc-47c2-bf8f-4ef8e64166f6&#8243; hover_enabled=&#8221;0&#8243; global_colors_info=&#8221;{%22gcid-bcc99e3b-722a-4dba-85e5-49c6d1592562%22:%91%22link_text_color%22,%22quote_border_color%22,%22link_text_color%22,%22quote_border_color%22,%22link_text_color%22,%22quote_border_color%22,%22link_text_color%22,%22quote_border_color%22%93,%22gcid-fa3e187d-20a7-4c5a-962d-49a38117a4cc%22:%91%22quote_text_color%22,%22quote_text_color%22,%22text_text_color%22%93}&#8221; sticky_enabled=&#8221;0&#8243;]<\/p>\n<p>Obtenga m\u00e1s informaci\u00f3n sobre nuestro productos, dise\u00f1ados para brindar calidad y comodidad. Descubra sus caracter\u00edsticas y beneficios \u00fanicos y por qu\u00e9 es la opci\u00f3n perfecta para sus necesidades.<\/p>\n<p>[\/et_pb_text][et_pb_button button_url=&#8221;\/es\/tecnologia\/&#8221; button_text=&#8221;Saber m\u00e1s&#8221; _builder_version=&#8221;4.27.4&#8243; _module_preset=&#8221;56137b06-f722-423a-bb3e-0ce6f984343d&#8221; hover_enabled=&#8221;0&#8243; global_colors_info=&#8221;{}&#8221; sticky_enabled=&#8221;0&#8243;][\/et_pb_button][\/et_pb_column][et_pb_column type=&#8221;1_3&#8243; _builder_version=&#8221;4.25.1&#8243; _module_preset=&#8221;default&#8221; custom_padding=&#8221;40px|40px|40px|40px|true|true&#8221; custom_padding_tablet=&#8221;30px|30px|30px|30px|true|true&#8221; custom_padding_phone=&#8221;20px|20px|20px|20px|true|true&#8221; custom_padding_last_edited=&#8221;on|desktop&#8221; border_width_all=&#8221;1px&#8221; border_color_all=&#8221;gcid-bcc99e3b-722a-4dba-85e5-49c6d1592562&#8243; global_colors_info=&#8221;{%22gcid-bcc99e3b-722a-4dba-85e5-49c6d1592562%22:%91%22border_color_all%22%93}&#8221;][et_pb_icon font_icon=&#8221;&#xf1ad;||fa||900&#8243; _builder_version=&#8221;4.27.4&#8243; _module_preset=&#8221;default&#8221; transform_scale=&#8221;49%|49%&#8221; global_colors_info=&#8221;{}&#8221;][\/et_pb_icon][et_pb_heading title=&#8221;Nuestra Empresa&#8221; _builder_version=&#8221;4.27.4&#8243; _module_preset=&#8221;664949b3-85d4-4272-9977-c672b9737650&#8243; title_font=&#8221;Raleway||||||||&#8221; title_font_size=&#8221;20px&#8221; custom_margin=&#8221;||0px||false|false&#8221; hover_enabled=&#8221;0&#8243; global_colors_info=&#8221;{%22gcid-fa3e187d-20a7-4c5a-962d-49a38117a4cc%22:%91%22title_text_color%22%93}&#8221; sticky_enabled=&#8221;0&#8243;][\/et_pb_heading][et_pb_text _builder_version=&#8221;4.27.4&#8243; _module_preset=&#8221;628566f0-adbc-47c2-bf8f-4ef8e64166f6&#8243; hover_enabled=&#8221;0&#8243; global_colors_info=&#8221;{%22gcid-bcc99e3b-722a-4dba-85e5-49c6d1592562%22:%91%22link_text_color%22,%22quote_border_color%22,%22link_text_color%22,%22quote_border_color%22,%22link_text_color%22,%22quote_border_color%22,%22link_text_color%22,%22quote_border_color%22%93,%22gcid-fa3e187d-20a7-4c5a-962d-49a38117a4cc%22:%91%22quote_text_color%22,%22quote_text_color%22,%22text_text_color%22%93}&#8221; sticky_enabled=&#8221;0&#8243;]<\/p>\n<p>Descubra m\u00e1s sobre nuestra empresa, nuestra misi\u00f3n y nuestro compromiso con la calidad y la innovaci\u00f3n. \u00a1Descubra c\u00f3mo ofrecemos productos excepcionales para satisfacer sus necesidades!<\/p>\n<p>[\/et_pb_text][et_pb_button button_url=&#8221;\/es\/nosotros\/&#8221; button_text=&#8221;Saber m\u00e1s&#8221; _builder_version=&#8221;4.27.4&#8243; _module_preset=&#8221;56137b06-f722-423a-bb3e-0ce6f984343d&#8221; hover_enabled=&#8221;0&#8243; global_colors_info=&#8221;{}&#8221; sticky_enabled=&#8221;0&#8243;][\/et_pb_button][\/et_pb_column][et_pb_column type=&#8221;1_3&#8243; _builder_version=&#8221;4.25.1&#8243; _module_preset=&#8221;default&#8221; custom_padding=&#8221;40px|40px|40px|40px|true|true&#8221; custom_padding_tablet=&#8221;30px|30px|30px|30px|true|true&#8221; custom_padding_phone=&#8221;20px|20px|20px|20px|true|true&#8221; custom_padding_last_edited=&#8221;on|desktop&#8221; border_width_all=&#8221;1px&#8221; border_color_all=&#8221;gcid-bcc99e3b-722a-4dba-85e5-49c6d1592562&#8243; global_colors_info=&#8221;{%22gcid-bcc99e3b-722a-4dba-85e5-49c6d1592562%22:%91%22border_color_all%22%93}&#8221;][et_pb_icon font_icon=&#8221;&#xe064;||divi||400&#8243; _builder_version=&#8221;4.27.4&#8243; _module_preset=&#8221;default&#8221; transform_scale=&#8221;49%|49%&#8221; global_colors_info=&#8221;{}&#8221;][\/et_pb_icon][et_pb_heading title=&#8221;Contacto&#8221; _builder_version=&#8221;4.27.4&#8243; _module_preset=&#8221;664949b3-85d4-4272-9977-c672b9737650&#8243; title_font=&#8221;Raleway||||||||&#8221; title_font_size=&#8221;20px&#8221; custom_margin=&#8221;||0px||false|false&#8221; hover_enabled=&#8221;0&#8243; global_colors_info=&#8221;{%22gcid-fa3e187d-20a7-4c5a-962d-49a38117a4cc%22:%91%22title_text_color%22%93}&#8221; sticky_enabled=&#8221;0&#8243;][\/et_pb_heading][et_pb_text _builder_version=&#8221;4.27.4&#8243; _module_preset=&#8221;628566f0-adbc-47c2-bf8f-4ef8e64166f6&#8243; hover_enabled=&#8221;0&#8243; global_colors_info=&#8221;{%22gcid-bcc99e3b-722a-4dba-85e5-49c6d1592562%22:%91%22link_text_color%22,%22quote_border_color%22,%22link_text_color%22,%22quote_border_color%22,%22link_text_color%22,%22quote_border_color%22,%22link_text_color%22,%22quote_border_color%22%93,%22gcid-fa3e187d-20a7-4c5a-962d-49a38117a4cc%22:%91%22quote_text_color%22,%22quote_text_color%22,%22text_text_color%22%93}&#8221; sticky_enabled=&#8221;0&#8243;]<\/p>\n<p>Encuentre respuestas a diversas preguntas. Explore informaci\u00f3n \u00fatil sobre una amplia gama de temas para obtener las respuestas que necesita de manera r\u00e1pida y sencilla. \u00a1Cont\u00e1ctenos hoy!<\/p>\n<p>[\/et_pb_text][et_pb_button button_url=&#8221;\/es\/contacto\/&#8221; button_text=&#8221;Saber m\u00e1s&#8221; _builder_version=&#8221;4.27.4&#8243; _module_preset=&#8221;56137b06-f722-423a-bb3e-0ce6f984343d&#8221; hover_enabled=&#8221;0&#8243; global_colors_info=&#8221;{}&#8221; sticky_enabled=&#8221;0&#8243;][\/et_pb_button][\/et_pb_column][\/et_pb_row][et_pb_row column_structure=&#8221;1_3,2_3&#8243; _builder_version=&#8221;4.25.1&#8243; _module_preset=&#8221;default&#8221; global_colors_info=&#8221;{}&#8221;][et_pb_column type=&#8221;1_3&#8243; _builder_version=&#8221;4.25.1&#8243; _module_preset=&#8221;default&#8221; global_colors_info=&#8221;{}&#8221;][et_pb_heading title=&#8221;FAQs&#8221; _builder_version=&#8221;4.27.4&#8243; _module_preset=&#8221;b7ee0cb9-e658-42f8-b446-9d59a0490d6e&#8221; title_font=&#8221;Raleway||||||||&#8221; title_font_size=&#8221;50px&#8221; locked=&#8221;off&#8221; global_colors_info=&#8221;{}&#8221;][\/et_pb_heading][\/et_pb_column][et_pb_column type=&#8221;2_3&#8243; _builder_version=&#8221;4.25.1&#8243; _module_preset=&#8221;default&#8221; global_colors_info=&#8221;{}&#8221;][et_pb_image src=&#8221;https:\/\/www.secatee.com\/es\/wp-content\/uploads\/2025\/01\/FAQ-Seca-TEE.png&#8221; title_text=&#8221;FAQ &#8211; Seca TEE&#8221; _builder_version=&#8221;4.27.4&#8243; _module_preset=&#8221;default&#8221; global_colors_info=&#8221;{}&#8221;][\/et_pb_image][et_pb_accordion toggle_icon=&#8221;&#xf067;||fa||900&#8243; _builder_version=&#8221;4.27.4&#8243; _module_preset=&#8221;c8720f3f-7089-4620-8b6e-151653556649&#8243; toggle_level=&#8221;h2&#8243; toggle_font=&#8221;&#8211;et_global_body_font||||||||&#8221; hover_enabled=&#8221;0&#8243; border_color_all=&#8221;RGBA(255,255,255,0)&#8221; locked=&#8221;off&#8221; global_colors_info=&#8221;{%22gcid-bcc99e3b-722a-4dba-85e5-49c6d1592562%22:%91%22link_text_color%22,%22quote_border_color%22,%22icon_color%22,%22link_text_color%22,%22quote_border_color%22,%22icon_color%22,%22link_text_color%22,%22quote_border_color%22,%22link_text_color%22,%22quote_border_color%22%93,%22gcid-fa3e187d-20a7-4c5a-962d-49a38117a4cc%22:%91%22quote_text_color%22,%22quote_text_color%22,%22quote_text_color%22,%22quote_text_color%22,%22quote_text_color%22%93}&#8221; quote_font_size_tablet=&#8221;18px&#8221; quote_font_size_phone=&#8221;16px&#8221; quote_font_size_last_edited=&#8221;on|phone&#8221; sticky_enabled=&#8221;0&#8243;][et_pb_accordion_item title=&#8221;WHAT IS SECA TEE?&#8221; open=&#8221;on&#8221; _builder_version=&#8221;4.27.4&#8243; _module_preset=&#8221;0cfca412-13e7-4c77-9a83-b199be5501ee&#8221; hover_enabled=&#8221;0&#8243; global_colors_info=&#8221;{}&#8221; toggle_level=&#8221;h2&#8243; toggle_font_size=&#8221;26px&#8221; sticky_enabled=&#8221;0&#8243;]<\/p>\n<h3 data-start=\"87\" data-end=\"114\"><strong data-start=\"91\" data-end=\"112\">\u00bfQU\u00c9 ES SECA TEE?<\/strong><\/h3>\n<p data-start=\"115\" data-end=\"293\">Nuestras camisetas antisudor combinan lo mejor de una camiseta interior con nuestra tecnolog\u00eda especializada para las axilas, <strong data-start=\"241\" data-end=\"290\">garantizando protecci\u00f3n total contra el sudor<\/strong>.<\/p>\n<h4 data-start=\"295\" data-end=\"356\"><strong data-start=\"299\" data-end=\"354\">ALMOHADILLAS PARA EL SUDOR INTEGRADAS EN LAS AXILAS<\/strong><\/h4>\n<p data-start=\"357\" data-end=\"662\">Nuestras almohadillas est\u00e1n dise\u00f1adas para <strong data-start=\"400\" data-end=\"429\">detener el sudor al 100 %<\/strong>. La camiseta antisudor Seca Tee para hombre cuenta con costuras casi invisibles que atraviesan la capa impermeable, ofreciendo <strong data-start=\"557\" data-end=\"588\">m\u00e1xima comodidad y suavidad<\/strong>. Es m\u00e1s transpirable y liviana que las camisetas interiores de algod\u00f3n.<\/p>\n<h4 data-start=\"664\" data-end=\"684\"><strong data-start=\"668\" data-end=\"682\">ABSORBENTE<\/strong><\/h4>\n<p data-start=\"685\" data-end=\"805\">Las almohadillas absorbentes integradas brindan un <strong data-start=\"736\" data-end=\"766\">ajuste elegante y uniforme<\/strong>. Son aptas para lavadora y secadora.<\/p>\n<h4 data-start=\"807\" data-end=\"828\"><strong data-start=\"811\" data-end=\"826\">ANTIMANCHAS<\/strong><\/h4>\n<p data-start=\"829\" data-end=\"1174\">Olv\u00eddate de las manchas de sudor y desodorante. Su capa impermeable de una sola pieza, ubicada debajo de cada axila, <strong data-start=\"946\" data-end=\"1055\">bloquea las marcas de sudor mejor que las almohadillas desechables o los antitranspirantes convencionales<\/strong>. Adem\u00e1s, prolonga la vida \u00fatil de tus camisas de vestir al evitar las manchas amarillas causadas por el desodorante.<\/p>\n<h4 data-start=\"1176\" data-end=\"1199\"><strong data-start=\"1180\" data-end=\"1197\">SECADO R\u00c1PIDO<\/strong><\/h4>\n<p data-start=\"1200\" data-end=\"1383\">El sudor se evapora m\u00e1s r\u00e1pido que con las telas convencionales. Las camisetas antisudor Seca Tee para hombre est\u00e1n <strong data-start=\"1316\" data-end=\"1380\">100 % garantizadas para evitar marcas de sudor en las axilas<\/strong>.<\/p>\n<h4 data-start=\"1385\" data-end=\"1403\"><strong data-start=\"1389\" data-end=\"1401\">ANTIOLOR<\/strong><\/h4>\n<p data-start=\"1404\" data-end=\"1717\">Mantente fresco por m\u00e1s tiempo. Nuestra tecnolog\u00eda evita la proliferaci\u00f3n de bacterias que generan mal olor. La zona de la axila ha sido especialmente dise\u00f1ada para quienes sudan en exceso, proporcionando <strong data-start=\"1609\" data-end=\"1669\">una sensaci\u00f3n de frescura y limpieza durante todo el d\u00eda<\/strong>, incluso en situaciones sociales desafiantes.<\/p>\n<h4 data-start=\"1719\" data-end=\"1753\"><strong data-start=\"1723\" data-end=\"1751\">SI\u00c9NTETE SEGURO Y C\u00d3MODO<\/strong><\/h4>\n<p data-start=\"1754\" data-end=\"2118\">Nuestras camisetas est\u00e1n dise\u00f1adas para brindar <strong data-start=\"1802\" data-end=\"1827\">comodidad y confianza<\/strong>. Cada almohadilla est\u00e1 confeccionada con una tela premium <strong data-start=\"1886\" data-end=\"1934\">dos veces m\u00e1s suave y un 50 % m\u00e1s absorbente<\/strong> que el algod\u00f3n normal. Queremos ofrecer una <strong data-start=\"1979\" data-end=\"2025\">soluci\u00f3n efectiva, accesible y conveniente<\/strong> para el sudor excesivo en las axilas y fomentar un di\u00e1logo abierto sobre la hiperhidrosis.<\/p>\n<p>[\/et_pb_accordion_item][\/et_pb_accordion][\/et_pb_column][\/et_pb_row][\/et_pb_section]<\/p>\n","protected":false},"excerpt":{"rendered":"<p>Obtenga m\u00e1s informaci\u00f3n sobre nuestro productos, dise\u00f1ados para brindar calidad y comodidad. Descubra sus caracter\u00edsticas y beneficios \u00fanicos y por qu\u00e9 es la opci\u00f3n perfecta para sus necesidades.Descubra m\u00e1s sobre nuestra empresa, nuestra misi\u00f3n y nuestro compromiso con la calidad y la innovaci\u00f3n. \u00a1Descubra c\u00f3mo ofrecemos productos excepcionales para satisfacer sus necesidades!Encuentre respuestas a diversas [&hellip;]<\/p>\n","protected":false},"author":1,"featured_media":0,"parent":0,"menu_order":0,"comment_status":"closed","ping_status":"closed","template":"","meta":{"_et_pb_use_builder":"on","_et_pb_old_content":"","_et_gb_content_width":"","footnotes":""},"class_list":["post-292","page","type-page","status-publish","hentry"],"yoast_head":"<!-- This site is optimized with the Yoast SEO plugin v24.3 - https:\/\/yoast.com\/wordpress\/plugins\/seo\/ -->\n<title>FAQs - Seca Tee<\/title>\n<meta name=\"description\" content=\"Find answers to all your questions about Seca TEE sweat-proof undershirts in our FAQ section. Learn about sizing, technology, care tips, and more to ensure the best experience with your Seca TEE.\" \/>\n<meta name=\"robots\" content=\"index, follow, max-snippet:-1, max-image-preview:large, max-video-preview:-1\" \/>\n<link rel=\"canonical\" href=\"https:\/\/secatee.com\/es\/preguntas-frecuentes\/\" \/>\n<meta property=\"og:locale\" content=\"en_US\" \/>\n<meta property=\"og:type\" content=\"article\" \/>\n<meta property=\"og:title\" content=\"FAQs - Seca Tee\" \/>\n<meta property=\"og:description\" content=\"Find answers to all your questions about Seca TEE sweat-proof undershirts in our FAQ section. Learn about sizing, technology, care tips, and more to ensure the best experience with your Seca TEE.\" \/>\n<meta property=\"og:url\" content=\"https:\/\/secatee.com\/es\/preguntas-frecuentes\/\" \/>\n<meta property=\"og:site_name\" content=\"Seca Tee\" \/>\n<meta property=\"article:modified_time\" content=\"2025-02-16T04:25:33+00:00\" \/>\n<meta name=\"twitter:card\" content=\"summary_large_image\" \/>\n<meta name=\"twitter:label1\" content=\"Est. reading time\" \/>\n\t<meta name=\"twitter:data1\" content=\"2 minutes\" \/>\n<script type=\"application\/ld+json\" class=\"yoast-schema-graph\">{\"@context\":\"https:\/\/schema.org\",\"@graph\":[{\"@type\":\"WebPage\",\"@id\":\"https:\/\/secatee.com\/es\/preguntas-frecuentes\/\",\"url\":\"https:\/\/secatee.com\/es\/preguntas-frecuentes\/\",\"name\":\"FAQs - Seca Tee\",\"isPartOf\":{\"@id\":\"https:\/\/secatee.com\/es\/#website\"},\"datePublished\":\"2025-01-20T01:57:39+00:00\",\"dateModified\":\"2025-02-16T04:25:33+00:00\",\"description\":\"Find answers to all your questions about Seca TEE sweat-proof undershirts in our FAQ section. Learn about sizing, technology, care tips, and more to ensure the best experience with your Seca TEE.\",\"breadcrumb\":{\"@id\":\"https:\/\/secatee.com\/es\/preguntas-frecuentes\/#breadcrumb\"},\"inLanguage\":\"en-US\",\"potentialAction\":[{\"@type\":\"ReadAction\",\"target\":[\"https:\/\/secatee.com\/es\/preguntas-frecuentes\/\"]}]},{\"@type\":\"BreadcrumbList\",\"@id\":\"https:\/\/secatee.com\/es\/preguntas-frecuentes\/#breadcrumb\",\"itemListElement\":[{\"@type\":\"ListItem\",\"position\":1,\"name\":\"Home\",\"item\":\"https:\/\/secatee.com\/es\/\"},{\"@type\":\"ListItem\",\"position\":2,\"name\":\"FAQs\"}]},{\"@type\":\"WebSite\",\"@id\":\"https:\/\/secatee.com\/es\/#website\",\"url\":\"https:\/\/secatee.com\/es\/\",\"name\":\"Seca Tee\",\"description\":\"Sweat Proof Undershirts\",\"potentialAction\":[{\"@type\":\"SearchAction\",\"target\":{\"@type\":\"EntryPoint\",\"urlTemplate\":\"https:\/\/secatee.com\/es\/?s={search_term_string}\"},\"query-input\":{\"@type\":\"PropertyValueSpecification\",\"valueRequired\":true,\"valueName\":\"search_term_string\"}}],\"inLanguage\":\"en-US\"}]}<\/script>\n<!-- \/ Yoast SEO plugin. -->","yoast_head_json":{"title":"FAQs - Seca Tee","description":"Find answers to all your questions about Seca TEE sweat-proof undershirts in our FAQ section. Learn about sizing, technology, care tips, and more to ensure the best experience with your Seca TEE.","robots":{"index":"index","follow":"follow","max-snippet":"max-snippet:-1","max-image-preview":"max-image-preview:large","max-video-preview":"max-video-preview:-1"},"canonical":"https:\/\/secatee.com\/es\/preguntas-frecuentes\/","og_locale":"en_US","og_type":"article","og_title":"FAQs - Seca Tee","og_description":"Find answers to all your questions about Seca TEE sweat-proof undershirts in our FAQ section. Learn about sizing, technology, care tips, and more to ensure the best experience with your Seca TEE.","og_url":"https:\/\/secatee.com\/es\/preguntas-frecuentes\/","og_site_name":"Seca Tee","article_modified_time":"2025-02-16T04:25:33+00:00","twitter_card":"summary_large_image","twitter_misc":{"Est. reading time":"2 minutes"},"schema":{"@context":"https:\/\/schema.org","@graph":[{"@type":"WebPage","@id":"https:\/\/secatee.com\/es\/preguntas-frecuentes\/","url":"https:\/\/secatee.com\/es\/preguntas-frecuentes\/","name":"FAQs - Seca Tee","isPartOf":{"@id":"https:\/\/secatee.com\/es\/#website"},"datePublished":"2025-01-20T01:57:39+00:00","dateModified":"2025-02-16T04:25:33+00:00","description":"Find answers to all your questions about Seca TEE sweat-proof undershirts in our FAQ section. Learn about sizing, technology, care tips, and more to ensure the best experience with your Seca TEE.","breadcrumb":{"@id":"https:\/\/secatee.com\/es\/preguntas-frecuentes\/#breadcrumb"},"inLanguage":"en-US","potentialAction":[{"@type":"ReadAction","target":["https:\/\/secatee.com\/es\/preguntas-frecuentes\/"]}]},{"@type":"BreadcrumbList","@id":"https:\/\/secatee.com\/es\/preguntas-frecuentes\/#breadcrumb","itemListElement":[{"@type":"ListItem","position":1,"name":"Home","item":"https:\/\/secatee.com\/es\/"},{"@type":"ListItem","position":2,"name":"FAQs"}]},{"@type":"WebSite","@id":"https:\/\/secatee.com\/es\/#website","url":"https:\/\/secatee.com\/es\/","name":"Seca Tee","description":"Sweat Proof Undershirts","potentialAction":[{"@type":"SearchAction","target":{"@type":"EntryPoint","urlTemplate":"https:\/\/secatee.com\/es\/?s={search_term_string}"},"query-input":{"@type":"PropertyValueSpecification","valueRequired":true,"valueName":"search_term_string"}}],"inLanguage":"en-US"}]}},"jetpack_sharing_enabled":true,"_links":{"self":[{"href":"https:\/\/secatee.com\/es\/wp-json\/wp\/v2\/pages\/292","targetHints":{"allow":["GET"]}}],"collection":[{"href":"https:\/\/secatee.com\/es\/wp-json\/wp\/v2\/pages"}],"about":[{"href":"https:\/\/secatee.com\/es\/wp-json\/wp\/v2\/types\/page"}],"author":[{"embeddable":true,"href":"https:\/\/secatee.com\/es\/wp-json\/wp\/v2\/users\/1"}],"replies":[{"embeddable":true,"href":"https:\/\/secatee.com\/es\/wp-json\/wp\/v2\/comments?post=292"}],"version-history":[{"count":17,"href":"https:\/\/secatee.com\/es\/wp-json\/wp\/v2\/pages\/292\/revisions"}],"predecessor-version":[{"id":555,"href":"https:\/\/secatee.com\/es\/wp-json\/wp\/v2\/pages\/292\/revisions\/555"}],"wp:attachment":[{"href":"https:\/\/secatee.com\/es\/wp-json\/wp\/v2\/media?parent=292"}],"curies":[{"name":"wp","href":"https:\/\/api.w.org\/{rel}","templated":true}]}}